{"id":1213,"date":"2023-03-27T11:57:40","date_gmt":"2023-03-27T09:57:40","guid":{"rendered":"https:\/\/gontcha.fr\/?page_id=1213"},"modified":"2024-05-22T22:40:10","modified_gmt":"2024-05-22T20:40:10","slug":"about","status":"publish","type":"page","link":"https:\/\/gontcha.fr\/?page_id=1213","title":{"rendered":"about"},"content":{"rendered":"\t\t<div data-elementor-type=\"wp-page\" data-elementor-id=\"1213\" class=\"elementor elementor-1213\" data-elementor-post-type=\"page\">\n\t\t\t\t\t\t<section class=\"elementor-section elementor-top-section elementor-element elementor-element-7320e2a elementor-section-stretched elementor-section-boxed elementor-section-height-default elementor-section-height-default\" data-id=\"7320e2a\" data-element_type=\"section\" data-e-type=\"section\" data-settings=\"{&quot;stretch_section&quot;:&quot;section-stretched&quot;}\">\n\t\t\t\t\t\t<div class=\"elementor-container elementor-column-gap-default\">\n\t\t\t\t\t<div class=\"elementor-column elementor-col-100 elementor-top-column elementor-element elementor-element-9b9a428\" data-id=\"9b9a428\" data-element_type=\"column\" data-e-type=\"column\" data-settings=\"{&quot;background_background&quot;:&quot;classic&quot;}\">\n\t\t\t<div class=\"elementor-widget-wrap elementor-element-populated\">\n\t\t\t\t\t\t<div class=\"elementor-element elementor-element-9dfb6dc elementor-widget elementor-widget-heading\" data-id=\"9dfb6dc\" data-element_type=\"widget\" data-e-type=\"widget\" data-widget_type=\"heading.default\">\n\t\t\t\t<div class=\"elementor-widget-container\">\n\t\t\t\t\t<h2 class=\"elementor-heading-title elementor-size-default\">Ajoutez votre titre ici<\/h2>\t\t\t\t<\/div>\n\t\t\t\t<\/div>\n\t\t\t\t\t<\/div>\n\t\t<\/div>\n\t\t\t\t\t<\/div>\n\t\t<\/section>\n\t\t\t\t<section class=\"elementor-section elementor-top-section elementor-element elementor-element-1133f71 elementor-section-stretched elementor-section-boxed elementor-section-height-default elementor-section-height-default\" data-id=\"1133f71\" data-element_type=\"section\" data-e-type=\"section\" data-settings=\"{&quot;stretch_section&quot;:&quot;section-stretched&quot;}\">\n\t\t\t\t\t\t<div class=\"elementor-container elementor-column-gap-default\">\n\t\t\t\t\t<div class=\"elementor-column elementor-col-50 elementor-top-column elementor-element elementor-element-6f7a3ac\" data-id=\"6f7a3ac\" data-element_type=\"column\" data-e-type=\"column\">\n\t\t\t<div class=\"elementor-widget-wrap elementor-element-populated\">\n\t\t\t\t\t\t<div class=\"elementor-element elementor-element-3c3e58d elementor-widget elementor-widget-image\" data-id=\"3c3e58d\" data-element_type=\"widget\" data-e-type=\"widget\" data-widget_type=\"image.default\">\n\t\t\t\t<div class=\"elementor-widget-container\">\n\t\t\t\t\t\t\t\t\t\t\t\t\t\t\t<img fetchpriority=\"high\" decoding=\"async\" width=\"683\" height=\"1024\" src=\"https:\/\/gontcha.fr\/wp-content\/uploads\/2023\/04\/moi-683x1024.jpg\" class=\"attachment-large size-large wp-image-1837\" alt=\"\" srcset=\"https:\/\/gontcha.fr\/wp-content\/uploads\/2023\/04\/moi-683x1024.jpg 683w, https:\/\/gontcha.fr\/wp-content\/uploads\/2023\/04\/moi-200x300.jpg 200w, https:\/\/gontcha.fr\/wp-content\/uploads\/2023\/04\/moi-768x1152.jpg 768w, https:\/\/gontcha.fr\/wp-content\/uploads\/2023\/04\/moi-1024x1536.jpg 1024w, https:\/\/gontcha.fr\/wp-content\/uploads\/2023\/04\/moi-1365x2048.jpg 1365w, https:\/\/gontcha.fr\/wp-content\/uploads\/2023\/04\/moi-scaled.jpg 1707w\" sizes=\"(max-width: 683px) 100vw, 683px\" \/>\t\t\t\t\t\t\t\t\t\t\t\t\t\t\t<\/div>\n\t\t\t\t<\/div>\n\t\t\t\t<div class=\"elementor-element elementor-element-2070517 elementor-widget__width-initial elementor-widget elementor-widget-text-editor\" data-id=\"2070517\" data-element_type=\"widget\" data-e-type=\"widget\" data-widget_type=\"text-editor.default\">\n\t\t\t\t<div class=\"elementor-widget-container\">\n\t\t\t\t\t\t\t\t\t<p><em>\u00ab\u00a0<\/em><i>Mon domaine de pr\u00e9dilection, la lumi\u00e8re o\u00f9 il me plait de composer, de travailler avec d\u2019autres corps de m\u00e9tier afin de donner un sens artistique et esth\u00e9tique aux belles images.\u00a0\u00bb<\/i><\/p><p><i>\u00ab\u00a0My favorite field, light where I like to compose, to work with other trades in order to give an artistic and aesthetic sense to beautiful pictures.\u00a0\u00bb<\/i><\/p>\t\t\t\t\t\t\t\t<\/div>\n\t\t\t\t<\/div>\n\t\t\t\t\t<\/div>\n\t\t<\/div>\n\t\t\t\t<div class=\"elementor-column elementor-col-50 elementor-top-column elementor-element elementor-element-85ce8e3\" data-id=\"85ce8e3\" data-element_type=\"column\" data-e-type=\"column\">\n\t\t\t<div class=\"elementor-widget-wrap elementor-element-populated\">\n\t\t\t\t\t\t<div class=\"elementor-element elementor-element-f8ea689 elementor-widget__width-initial elementor-widget elementor-widget-text-editor\" data-id=\"f8ea689\" data-element_type=\"widget\" data-e-type=\"widget\" data-widget_type=\"text-editor.default\">\n\t\t\t\t<div class=\"elementor-widget-container\">\n\t\t\t\t\t\t\t\t\t<p>\u00a0<\/p><p>\u00ab\u00a0Passionn\u00e9 par la photographie et amoureux de la lumi\u00e8re, Nicolas Gontcha directeur photo de m\u00e9tier, est un artiste dans l&rsquo;\u00e2me. Les contrastes, omnipr\u00e9sents dans la vie, sont sa source d&rsquo;inspiration pour capturer des images saisissantes et pleines d&rsquo;\u00e9motions.<\/p><p>N\u00e9 dans les coulisses de th\u00e9\u00e2tre, berc\u00e9 par les projecteurs et le c\u00f4t\u00e9 obscur des coulisses, j\u2019ai d\u00e9velopp\u00e9 une sensibilit\u00e9 unique pour la lumi\u00e8re et les ombres, que je mets aujourd&rsquo;hui au service de mes collaborateurs. Je me nourris \u00e9galement de l&rsquo;univers artistique des peintres du 17e si\u00e8cle, tels que Rembrandt et de La Tour, pour donner aux images une dimension artistique et un sens profond.<\/p><p>En v\u00e9ritable visionnaire de l&rsquo;esprit des r\u00e9alisateurs, j\u2019apporte une touche personnelle et cr\u00e9ative \u00e0 chacun de leurs projets. Mon objectif est de capturer l&rsquo;essence m\u00eame des sujets que je photographie, en leur donnant vie \u00e0 travers des images intemporelles et captivantes.\u00a0\u00bb<\/p><p><em>Passionate about photography and in love with light, Nicolas Gontcha, a professional cinematographer, is an artist at heart. Contrasts, omnipresent in life, are his source of inspiration for capturing striking and emotional images.<\/em><\/p><p><em>Born in the theater wings, rocked by spotlights and the dark side of the stage, I developed a unique sensitivity to light and shadows, which I now bring to the service of my collaborators. I also draw inspiration from the artistic universe of 17th-century painters, such as Rembrandt and La Tour, to give images an artistic dimension and deep meaning.<\/em><\/p><p><em>As a true visionary of the directors&rsquo; mind, I bring a personal and creative touch to each of their projects. My goal is to capture the very essence of the subjects I photograph, bringing them to life through timeless and captivating images.<\/em><\/p>\t\t\t\t\t\t\t\t<\/div>\n\t\t\t\t<\/div>\n\t\t\t\t<div class=\"elementor-element elementor-element-2c4ecdf elementor-widget elementor-widget-image\" data-id=\"2c4ecdf\" data-element_type=\"widget\" data-e-type=\"widget\" data-widget_type=\"image.default\">\n\t\t\t\t<div class=\"elementor-widget-container\">\n\t\t\t\t\t\t\t\t\t\t\t\t\t\t\t<img decoding=\"async\" width=\"337\" height=\"275\" src=\"https:\/\/gontcha.fr\/wp-content\/uploads\/2023\/04\/Plan-de-travail-1.jpg\" class=\"attachment-large size-large wp-image-1936\" alt=\"\" srcset=\"https:\/\/gontcha.fr\/wp-content\/uploads\/2023\/04\/Plan-de-travail-1.jpg 337w, https:\/\/gontcha.fr\/wp-content\/uploads\/2023\/04\/Plan-de-travail-1-300x245.jpg 300w\" sizes=\"(max-width: 337px) 100vw, 337px\" \/>\t\t\t\t\t\t\t\t\t\t\t\t\t\t\t<\/div>\n\t\t\t\t<\/div>\n\t\t\t\t<div class=\"elementor-element elementor-element-e0aad95 elementor-widget elementor-widget-image\" data-id=\"e0aad95\" data-element_type=\"widget\" data-e-type=\"widget\" data-widget_type=\"image.default\">\n\t\t\t\t<div class=\"elementor-widget-container\">\n\t\t\t\t\t\t\t\t\t\t\t\t\t\t\t<img decoding=\"async\" width=\"189\" height=\"189\" src=\"https:\/\/gontcha.fr\/wp-content\/uploads\/2024\/05\/logouco.png\" class=\"attachment-large size-large wp-image-2115\" alt=\"\" srcset=\"https:\/\/gontcha.fr\/wp-content\/uploads\/2024\/05\/logouco.png 189w, https:\/\/gontcha.fr\/wp-content\/uploads\/2024\/05\/logouco-150x150.png 150w\" sizes=\"(max-width: 189px) 100vw, 189px\" \/>\t\t\t\t\t\t\t\t\t\t\t\t\t\t\t<\/div>\n\t\t\t\t<\/div>\n\t\t\t\t<div class=\"elementor-element elementor-element-fd79a76 elementor-widget elementor-widget-heading\" data-id=\"fd79a76\" data-element_type=\"widget\" data-e-type=\"widget\" data-widget_type=\"heading.default\">\n\t\t\t\t<div class=\"elementor-widget-container\">\n\t\t\t\t\t<h2 class=\"elementor-heading-title elementor-size-default\"><a href=\"https:\/\/www.unionchefsoperateurs.com\/membres\/nicolas-gontcha\/\" target=\"_blank\" rel=\"noopener\">Union des Chefs Op\u00e9rateurs <\/a><\/h2>\t\t\t\t<\/div>\n\t\t\t\t<\/div>\n\t\t\t\t<div class=\"elementor-element elementor-element-2dca07e elementor-view-default elementor-widget elementor-widget-icon\" data-id=\"2dca07e\" data-element_type=\"widget\" data-e-type=\"widget\" data-widget_type=\"icon.default\">\n\t\t\t\t<div class=\"elementor-widget-container\">\n\t\t\t\t\t\t\t<div class=\"elementor-icon-wrapper\">\n\t\t\t<a class=\"elementor-icon\" href=\"mailto:nicolasgontcha@gmail.com\">\n\t\t\t<i aria-hidden=\"true\" class=\"fas fa-envelope\"><\/i>\t\t\t<\/a>\n\t\t<\/div>\n\t\t\t\t\t\t<\/div>\n\t\t\t\t<\/div>\n\t\t\t\t<div class=\"elementor-element elementor-element-e8d1a7f elementor-view-default elementor-widget elementor-widget-icon\" data-id=\"e8d1a7f\" data-element_type=\"widget\" data-e-type=\"widget\" data-widget_type=\"icon.default\">\n\t\t\t\t<div class=\"elementor-widget-container\">\n\t\t\t\t\t\t\t<div class=\"elementor-icon-wrapper\">\n\t\t\t<a class=\"elementor-icon\" href=\"tel:+33660387603\">\n\t\t\t<i aria-hidden=\"true\" class=\"fas fa-phone\"><\/i>\t\t\t<\/a>\n\t\t<\/div>\n\t\t\t\t\t\t<\/div>\n\t\t\t\t<\/div>\n\t\t\t\t\t<\/div>\n\t\t<\/div>\n\t\t\t\t\t<\/div>\n\t\t<\/section>\n\t\t\t\t<\/div>\n\t\t","protected":false},"excerpt":{"rendered":"<p>Ajoutez votre titre ici \u00ab\u00a0Mon domaine de pr\u00e9dilection, la lumi\u00e8re o\u00f9 il me plait de composer, de travailler avec d\u2019autres corps de m\u00e9tier afin de donner un sens artistique et esth\u00e9tique aux belles images.\u00a0\u00bb \u00ab\u00a0My favorite field, light where I like to compose, to work with other trades in order to give an artistic and [&hellip;]<\/p>\n","protected":false},"author":1,"featured_media":0,"parent":0,"menu_order":0,"comment_status":"closed","ping_status":"closed","template":"","meta":{"_monsterinsights_skip_tracking":false,"_monsterinsights_sitenote_active":false,"_monsterinsights_sitenote_note":"","_monsterinsights_sitenote_category":0,"ocean_post_layout":"","ocean_both_sidebars_style":"","ocean_both_sidebars_content_width":0,"ocean_both_sidebars_sidebars_width":0,"ocean_sidebar":"0","ocean_second_sidebar":"0","ocean_disable_margins":"enable","ocean_add_body_class":"","ocean_shortcode_before_top_bar":"","ocean_shortcode_after_top_bar":"","ocean_shortcode_before_header":"","ocean_shortcode_after_header":"","ocean_has_shortcode":"","ocean_shortcode_after_title":"","ocean_shortcode_before_footer_widgets":"","ocean_shortcode_after_footer_widgets":"","ocean_shortcode_before_footer_bottom":"","ocean_shortcode_after_footer_bottom":"","ocean_display_top_bar":"default","ocean_display_header":"default","ocean_header_style":"","ocean_center_header_left_menu":"0","ocean_custom_header_template":"0","ocean_custom_logo":0,"ocean_custom_retina_logo":0,"ocean_custom_logo_max_width":0,"ocean_custom_logo_tablet_max_width":0,"ocean_custom_logo_mobile_max_width":0,"ocean_custom_logo_max_height":0,"ocean_custom_logo_tablet_max_height":0,"ocean_custom_logo_mobile_max_height":0,"ocean_header_custom_menu":"0","ocean_menu_typo_font_family":"0","ocean_menu_typo_font_subset":"","ocean_menu_typo_font_size":0,"ocean_menu_typo_font_size_tablet":0,"ocean_menu_typo_font_size_mobile":0,"ocean_menu_typo_font_size_unit":"px","ocean_menu_typo_font_weight":"","ocean_menu_typo_font_weight_tablet":"","ocean_menu_typo_font_weight_mobile":"","ocean_menu_typo_transform":"","ocean_menu_typo_transform_tablet":"","ocean_menu_typo_transform_mobile":"","ocean_menu_typo_line_height":0,"ocean_menu_typo_line_height_tablet":0,"ocean_menu_typo_line_height_mobile":0,"ocean_menu_typo_line_height_unit":"","ocean_menu_typo_spacing":0,"ocean_menu_typo_spacing_tablet":0,"ocean_menu_typo_spacing_mobile":0,"ocean_menu_typo_spacing_unit":"","ocean_menu_link_color":"","ocean_menu_link_color_hover":"","ocean_menu_link_color_active":"","ocean_menu_link_background":"","ocean_menu_link_hover_background":"","ocean_menu_link_active_background":"","ocean_menu_social_links_bg":"","ocean_menu_social_hover_links_bg":"","ocean_menu_social_links_color":"","ocean_menu_social_hover_links_color":"","ocean_disable_title":"default","ocean_disable_heading":"default","ocean_post_title":"","ocean_post_subheading":"","ocean_post_title_style":"","ocean_post_title_background_color":"","ocean_post_title_background":0,"ocean_post_title_bg_image_position":"","ocean_post_title_bg_image_attachment":"","ocean_post_title_bg_image_repeat":"","ocean_post_title_bg_image_size":"","ocean_post_title_height":0,"ocean_post_title_bg_overlay":0.5,"ocean_post_title_bg_overlay_color":"","ocean_disable_breadcrumbs":"default","ocean_breadcrumbs_color":"","ocean_breadcrumbs_separator_color":"","ocean_breadcrumbs_links_color":"","ocean_breadcrumbs_links_hover_color":"","ocean_display_footer_widgets":"default","ocean_display_footer_bottom":"default","ocean_custom_footer_template":"0","footnotes":""},"class_list":["post-1213","page","type-page","status-publish","hentry","entry"],"_links":{"self":[{"href":"https:\/\/gontcha.fr\/index.php?rest_route=\/wp\/v2\/pages\/1213","targetHints":{"allow":["GET"]}}],"collection":[{"href":"https:\/\/gontcha.fr\/index.php?rest_route=\/wp\/v2\/pages"}],"about":[{"href":"https:\/\/gontcha.fr\/index.php?rest_route=\/wp\/v2\/types\/page"}],"author":[{"embeddable":true,"href":"https:\/\/gontcha.fr\/index.php?rest_route=\/wp\/v2\/users\/1"}],"replies":[{"embeddable":true,"href":"https:\/\/gontcha.fr\/index.php?rest_route=%2Fwp%2Fv2%2Fcomments&post=1213"}],"version-history":[{"count":70,"href":"https:\/\/gontcha.fr\/index.php?rest_route=\/wp\/v2\/pages\/1213\/revisions"}],"predecessor-version":[{"id":2130,"href":"https:\/\/gontcha.fr\/index.php?rest_route=\/wp\/v2\/pages\/1213\/revisions\/2130"}],"wp:attachment":[{"href":"https:\/\/gontcha.fr\/index.php?rest_route=%2Fwp%2Fv2%2Fmedia&parent=1213"}],"curies":[{"name":"wp","href":"https:\/\/api.w.org\/{rel}","templated":true}]}}